{"id":2489,"date":"2024-08-09T14:06:03","date_gmt":"2024-08-09T12:06:03","guid":{"rendered":"https:\/\/simply-you.hu\/teszt\/?page_id=2489"},"modified":"2025-08-19T10:42:43","modified_gmt":"2025-08-19T08:42:43","slug":"kik-vagyunk","status":"publish","type":"page","link":"https:\/\/directhosting.hu\/simply25wp\/kik-vagyunk\/","title":{"rendered":"Kik vagyunk?"},"content":{"rendered":"<p><strong>A Simply You Hungary Kft. a dinamikusan n\u00f6vekv\u0151 Simply You Pharmaceuticals a.s. magyarorsz\u00e1gi le\u00e1nyv\u00e1llalata. Min\u0151s\u00e9gi \u00e9s egyedi \u00f6sszetev\u0151k felhaszn\u00e1l\u00e1s\u00e1val megalkotott \u00e9trend-kieg\u00e9sz\u00edt\u0151k, kozmetikumok \u00e9s orvostechnikai eszk\u00f6z\u00f6k r\u00e9v\u00e9n a Simply You c\u00e9lja a megfelel\u0151 \u00e9letmin\u0151s\u00e9g \u00e9s a manaps\u00e1g egyre t\u00f6bbsz\u00f6r hallott \u201ewell-being\u201d biztos\u00edt\u00e1sa, azok sz\u00e1m\u00e1ra, akik a mi term\u00e9keinket v\u00e1lasztj\u00e1k.<\/strong><\/p>\n<p><strong>2023-ban \u00e9s 2024-ben a hazai \u00e9trend-kieg\u00e9sz\u00edt\u0151ket forgalmaz\u00f3 v\u00e1llalatok k\u00f6z\u00f6tt a legeredm\u00e9nyesebb volt a Simply You Hungary Kft., amit d\u00edjjal ismert el a vil\u00e1g egyik vezet\u0151 eg\u00e9szs\u00e9g\u00fcgyi adat- \u00e9s technol\u00f3giai szolg\u00e1ltat\u00f3ja az IQVIA.<\/strong><\/p>\n<p>&nbsp;<\/p>\n<h3>Az alapanyagt\u00f3l a polcig, avagy a Simply You term\u00e9kek megalkot\u00e1sa<\/h3>\n<p>A modern megk\u00f6zel\u00edt\u00e9s, nemcsak az innovat\u00edv megold\u00e1sokat, hanem a hagyom\u00e1nyok tisztelet\u00e9t is mag\u00e1ban foglalja. A Simply You Pharmaceuticals a.s. a term\u00e9szetes hat\u00f3anyagok haszn\u00e1lat\u00e1t \u00f6tv\u00f6zi a XXI. sz\u00e1zadi gy\u00e1rt\u00e1si technol\u00f3gi\u00e1val, a kutat\u00e1si \u00e9s fejleszt\u00e9si projektek els\u0151dleges c\u00e9lja a fogyaszt\u00f3k el\u00e9gedetts\u00e9ge \u00e9s ig\u00e9nyeinek kiel\u00e9g\u00edt\u00e9se. Ez ir\u00e1ny\u00fa elt\u00f6k\u00e9lts\u00e9g\u00fcnk a garancia arra, hogy a hazai patik\u00e1k \u00e9s gy\u00f3gyn\u00f6v\u00e9nyboltok polcaira gy\u00f3gyszer\u00e9szeti min\u0151s\u00e9g\u0171 Simply You term\u00e9kek ker\u00fcljenek.<\/p>\n<p>&nbsp;<\/p>\n<h3>Simply You \u00e9trend-kieg\u00e9sz\u00edt\u0151k<\/h3>\n<p>A Simply You \u00e9trend-kieg\u00e9sz\u00edt\u0151k egyedi \u00f6sszet\u00e9tel\u00e9nek alapja, hogy gy\u00f3gyszer\u00e9sz szak\u00e9rt\u0151ink nem csup\u00e1n az egyes t\u00e1panyagok, vitaminok vagy \u00e9ppen gy\u00f3gyn\u00f6v\u00e9nyek hat\u00e1s\u00e1t veszik figyelembe, hanem ezek kapcsolat\u00e1t is. \u00cdgy olyan egyedi term\u00e9keket alkotunk meg, melyek teljesen \u00faj oldalr\u00f3l k\u00f6zel\u00edtik meg a fogyaszt\u00f3k ig\u00e9nyeit. A megl\u00e9v\u0151 szaktud\u00e1son \u00e9s tapasztalaton t\u00fal nemzetk\u00f6zi kutat\u00e1sok eredm\u00e9nyeire is t\u00e1maszkodnak a term\u00e9kfejleszt\u00e9s\u00e9rt felel\u0151s gy\u00f3gyszer\u00e9szek, hogy \u00e9trend-kieg\u00e9sz\u00edt\u0151ink val\u00f3ban innovat\u00edvak legyenek, az el\u00e9rt hat\u00e1sokat pedig tudom\u00e1nyos bizony\u00edt\u00e9kok is al\u00e1t\u00e1massz\u00e1k.<br \/>\nAz \u00f6sszet\u00e9tel mellett az alapanyagok min\u0151s\u00e9ge \u00e9s kivon\u00e1sa is meghat\u00e1roz\u00f3 az \u00e9trend-kieg\u00e9sz\u00edt\u0151k eset\u00e9ben. Ez\u00e9rt p\u00e9ld\u00e1ul a gy\u00f3gyn\u00f6v\u00e9nyi por\u0151rlem\u00e9nyek helyett magasabb hat\u00f3anyagtartalm\u00fa gy\u00f3gyn\u00f6v\u00e9nyi kivonatokat alkalmazunk term\u00e9keinkben. Az \u00e9vsz\u00e1zadok \u00f3ta ismert \u00e9s alkalmazott gy\u00f3gyn\u00f6v\u00e9nyeken t\u00fal, haszn\u00e1lunk olyan n\u00f6v\u00e9nyi kivonatokat is, melyek szervezetre gyakorolt j\u00f3t\u00e9kony hat\u00e1s\u00e1t a k\u00f6zelm\u00faltban fedezt\u00e9k fel, \u00edgy \u00f6tv\u00f6zz\u00fck a hagyom\u00e1nyt \u00e9s az innov\u00e1ci\u00f3t.<br \/>\nMindazon\u00e1ltal nem szabad elfelejteni, hogy az \u00e9letm\u00f3d \u00e9s a kiegyens\u00falyozott \u00e9trend meghat\u00e1roz\u00f3 szereppel b\u00edr az eg\u00e9szs\u00e9g meg\u0151rz\u00e9s\u00e9ben, amit \u00e9trend-kieg\u00e9sz\u00edt\u0151kkel nem helyettes\u00edthet\u00fcnk csak t\u00e1mogathatunk.<\/p>\n<p>&nbsp;<\/p>\n<h3>Simply You orvostechnikai eszk\u00f6z\u00f6k<\/h3>\n<p>Az orvostechnikai eszk\u00f6z\u00f6k els\u0151dlegesen eg\u00e9szs\u00e9g\u00fcgyi alkalmaz\u00e1si c\u00e9llal rendelkeznek. Ennek jegy\u00e9ben term\u00e9keink elk\u00e9sz\u00edt\u00e9se sor\u00e1n a maxim\u00e1lis biztons\u00e1gra t\u00f6reksz\u00fcnk, betartunk minden EU-s \u00e9s hazai szab\u00e1lyoz\u00e1st, \u00e9s mindezen fel\u00fcl term\u00e9szetes hat\u00f3anyagokat alkalmazunk.<br \/>\nA biztons\u00e1g mellett a felhaszn\u00e1l\u00f3i el\u00e9gedetts\u00e9g az egyik legfontosabb szempont, ez\u00e9rt a k\u00edv\u00e1nt hat\u00e1sok el\u00e9r\u00e9se \u00e9rdek\u00e9ben m\u00e9g a legegyszer\u0171bb probl\u00e9m\u00e1kat is t\u00f6bb ir\u00e1nyb\u00f3l k\u00f6zel\u00edtj\u00fck meg, vagyis leggyakrabban t\u00f6bbkomponens\u0171 term\u00e9keket k\u00edn\u00e1lunk. A k\u00fcl\u00f6nb\u00f6z\u0151 \u00f6sszetev\u0151k elt\u00e9r\u0151 aktivit\u00e1suk r\u00e9v\u00e9n m\u00e1s \u00e9lettani mechanizmusokon kereszt\u00fcl fejtik ki hat\u00e1sukat. A komplex \u00f6sszet\u00e9tel r\u00e9v\u00e9n igyeksz\u00fcnk biztos\u00edtani, hogy orvostechnikai eszk\u00f6zeink eredm\u00e9nyesen kezelj\u00e9k a k\u00fcl\u00f6nb\u00f6z\u0151 probl\u00e9m\u00e1kat.<br \/>\nOrvostechnikai eszk\u00f6z\u00f6k eset\u00e9ben a kock\u00e1zatokr\u00f3l olvassa el a haszn\u00e1lati \u00fatmutat\u00f3t, vagy k\u00e9rdezze meg kezel\u0151orvos\u00e1t!<\/p>\n<p>&nbsp;<\/p>\n<h3>Simply You kozmetikumok<\/h3>\n<p>Ezek a term\u00e9kek a b\u0151rrel, hajjal, k\u00f6r\u00f6mmel, fogakkal, sz\u00e1j ny\u00e1lkah\u00e1rty\u00e1val \u00e9rintkeznek. A Simply You kozmetikai term\u00e9keinek c\u00e9lja a k\u00f6rnyezet vagy az \u00f6reged\u00e9s k\u00e1ros hat\u00e1sainak megel\u0151z\u00e9se, az \u00e9rintett testr\u00e9sz j\u00f3 \u00e1llapotban tart\u00e1sa. Ebben az esetben is kiemelked\u0151 precizit\u00e1ssal \u00e9s szakmai professzionalizmussal alkotjuk meg a term\u00e9keket, hogy a Simply You term\u00e9kekt\u0151l elv\u00e1rhat\u00f3 hat\u00e1soss\u00e1g, min\u0151s\u00e9g \u00e9s \u00f6sszetetts\u00e9g teljes\u00edtse a v\u00e1s\u00e1rl\u00f3 elv\u00e1r\u00e1sait.<\/p>\n<p>&nbsp;<\/p>\n<h3>A Simply You \u00fczleti filoz\u00f3fi\u00e1ja<\/h3>\n<p>A Simply You \u00fczleti etik\u00e1j\u00e1n bel\u00fcl nagy hangs\u00falyt fektet\u00fcnk alkalmazottaink folyamatos szakmai k\u00e9pz\u00e9s\u00e9re, felk\u00e9sz\u00fclts\u00e9g\u00e9re. C\u00e9lunk, a hossz\u00fa t\u00e1v\u00fa strat\u00e9giai partners\u00e9g kialak\u00edt\u00e1sa sz\u00e1mos k\u00fcls\u0151 szak\u00e9rt\u0151vel, tan\u00e1csad\u00f3val, besz\u00e1ll\u00edt\u00f3kkal \u00e9s \u00fczleti partnerekkel.<br \/>\nFiloz\u00f3fi\u00e1nk, hogy akt\u00edvan r\u00e9szt vesz\u00fcnk \u00fcgyfeleink eg\u00e9szs\u00e9g\u00e9nek jav\u00edt\u00e1s\u00e1ban, hozz\u00e1j\u00e1rulva ezzel a min\u0151s\u00e9gibb \u00e9s boldogabb \u00e9let\u00fckh\u00f6z.<\/p>\n","protected":false},"excerpt":{"rendered":"<p>A Simply You Hungary Kft. a dinamikusan n\u00f6vekv\u0151 Simply You Pharmaceuticals a.s. magyarorsz\u00e1gi le\u00e1nyv\u00e1llalata. Min\u0151s\u00e9gi \u00e9s egyedi \u00f6sszetev\u0151k felhaszn\u00e1l\u00e1s\u00e1val megalkotott \u00e9trend-kieg\u00e9sz\u00edt\u0151k, kozmetikumok \u00e9s orvostechnikai eszk\u00f6z\u00f6k r\u00e9v\u00e9n a Simply You c\u00e9lja a megfelel\u0151 \u00e9letmin\u0151s\u00e9g \u00e9s a manaps\u00e1g egyre t\u00f6bbsz\u00f6r hallott \u201ewell-being\u201d biztos\u00edt\u00e1sa, azok sz\u00e1m\u00e1ra, akik a mi term\u00e9keinket v\u00e1lasztj\u00e1k. 2023-ban \u00e9s 2024-ben a hazai \u00e9trend-kieg\u00e9sz\u00edt\u0151ket forgalmaz\u00f3 [&hellip;]<\/p>\n","protected":false},"author":1,"featured_media":2700,"parent":0,"menu_order":0,"comment_status":"closed","ping_status":"closed","template":"","meta":{"_acf_changed":false,"footnotes":""},"class_list":["post-2489","page","type-page","status-publish","has-post-thumbnail","hentry"],"acf":[],"yoast_head":"<!-- This site is optimized with the Yoast SEO Premium plugin v25.6 (Yoast SEO v26.0) - https:\/\/yoast.com\/wordpress\/plugins\/seo\/ -->\n<title>Kik vagyunk? - Simply You<\/title>\n<meta name=\"description\" content=\"Bemutatkozik a Simply You Hungary Kft,, a A Simply You Pharmaceuticals a.s. dinamikusan n\u00f6vekv\u0151 multinacion\u00e1lis v\u00e1llalat magyarorsz\u00e1gi le\u00e1nyv\u00e1llalata.\" \/>\n<meta name=\"robots\" content=\"index, follow, max-snippet:-1, max-image-preview:large, max-video-preview:-1\" \/>\n<link rel=\"canonical\" href=\"https:\/\/directhosting.hu\/simply25wp\/kik-vagyunk\/\" \/>\n<meta property=\"og:locale\" content=\"hu_HU\" \/>\n<meta property=\"og:type\" content=\"article\" \/>\n<meta property=\"og:title\" content=\"Kik vagyunk?\" \/>\n<meta property=\"og:description\" content=\"Bemutatkozik a Simply You Hungary Kft,, a A Simply You Pharmaceuticals a.s. dinamikusan n\u00f6vekv\u0151 multinacion\u00e1lis v\u00e1llalat magyarorsz\u00e1gi le\u00e1nyv\u00e1llalata.\" \/>\n<meta property=\"og:url\" content=\"https:\/\/directhosting.hu\/simply25wp\/kik-vagyunk\/\" \/>\n<meta property=\"og:site_name\" content=\"Simply You\" \/>\n<meta property=\"article:modified_time\" content=\"2025-08-19T08:42:43+00:00\" \/>\n<meta property=\"og:image\" content=\"https:\/\/directhosting.hu\/simply25wp\/wp-content\/uploads\/2025\/06\/Nevtelen-terv.jpg\" \/>\n\t<meta property=\"og:image:width\" content=\"1200\" \/>\n\t<meta property=\"og:image:height\" content=\"627\" \/>\n\t<meta property=\"og:image:type\" content=\"image\/jpeg\" \/>\n<meta name=\"twitter:card\" content=\"summary_large_image\" \/>\n<meta name=\"twitter:label1\" content=\"Becs\u00fclt olvas\u00e1si id\u0151\" \/>\n\t<meta name=\"twitter:data1\" content=\"4 perc\" \/>\n<script type=\"application\/ld+json\" class=\"yoast-schema-graph\">{\"@context\":\"https:\/\/schema.org\",\"@graph\":[{\"@type\":\"WebPage\",\"@id\":\"https:\/\/directhosting.hu\/simply25wp\/kik-vagyunk\/\",\"url\":\"https:\/\/directhosting.hu\/simply25wp\/kik-vagyunk\/\",\"name\":\"Kik vagyunk? - Simply You\",\"isPartOf\":{\"@id\":\"https:\/\/directhosting.hu\/simply25wp\/#website\"},\"primaryImageOfPage\":{\"@id\":\"https:\/\/directhosting.hu\/simply25wp\/kik-vagyunk\/#primaryimage\"},\"image\":{\"@id\":\"https:\/\/directhosting.hu\/simply25wp\/kik-vagyunk\/#primaryimage\"},\"thumbnailUrl\":\"https:\/\/directhosting.hu\/simply25wp\/wp-content\/uploads\/2025\/06\/Nevtelen-terv.jpg\",\"datePublished\":\"2024-08-09T12:06:03+00:00\",\"dateModified\":\"2025-08-19T08:42:43+00:00\",\"description\":\"Bemutatkozik a Simply You Hungary Kft,, a A Simply You Pharmaceuticals a.s. dinamikusan n\u00f6vekv\u0151 multinacion\u00e1lis v\u00e1llalat magyarorsz\u00e1gi le\u00e1nyv\u00e1llalata.\",\"breadcrumb\":{\"@id\":\"https:\/\/directhosting.hu\/simply25wp\/kik-vagyunk\/#breadcrumb\"},\"inLanguage\":\"hu\",\"potentialAction\":[{\"@type\":\"ReadAction\",\"target\":[\"https:\/\/directhosting.hu\/simply25wp\/kik-vagyunk\/\"]}]},{\"@type\":\"ImageObject\",\"inLanguage\":\"hu\",\"@id\":\"https:\/\/directhosting.hu\/simply25wp\/kik-vagyunk\/#primaryimage\",\"url\":\"https:\/\/directhosting.hu\/simply25wp\/wp-content\/uploads\/2025\/06\/Nevtelen-terv.jpg\",\"contentUrl\":\"https:\/\/directhosting.hu\/simply25wp\/wp-content\/uploads\/2025\/06\/Nevtelen-terv.jpg\",\"width\":1200,\"height\":627},{\"@type\":\"BreadcrumbList\",\"@id\":\"https:\/\/directhosting.hu\/simply25wp\/kik-vagyunk\/#breadcrumb\",\"itemListElement\":[{\"@type\":\"ListItem\",\"position\":1,\"name\":\"Kezd\u0151lap\",\"item\":\"https:\/\/directhosting.hu\/simply25wp\/\"},{\"@type\":\"ListItem\",\"position\":2,\"name\":\"Kik vagyunk?\"}]},{\"@type\":\"WebSite\",\"@id\":\"https:\/\/directhosting.hu\/simply25wp\/#website\",\"url\":\"https:\/\/directhosting.hu\/simply25wp\/\",\"name\":\"Simply You\",\"description\":\"\",\"potentialAction\":[{\"@type\":\"SearchAction\",\"target\":{\"@type\":\"EntryPoint\",\"urlTemplate\":\"https:\/\/directhosting.hu\/simply25wp\/?s={search_term_string}\"},\"query-input\":{\"@type\":\"PropertyValueSpecification\",\"valueRequired\":true,\"valueName\":\"search_term_string\"}}],\"inLanguage\":\"hu\"}]}<\/script>\n<!-- \/ Yoast SEO Premium plugin. -->","yoast_head_json":{"title":"Kik vagyunk? - Simply You","description":"Bemutatkozik a Simply You Hungary Kft,, a A Simply You Pharmaceuticals a.s. dinamikusan n\u00f6vekv\u0151 multinacion\u00e1lis v\u00e1llalat magyarorsz\u00e1gi le\u00e1nyv\u00e1llalata.","robots":{"index":"index","follow":"follow","max-snippet":"max-snippet:-1","max-image-preview":"max-image-preview:large","max-video-preview":"max-video-preview:-1"},"canonical":"https:\/\/directhosting.hu\/simply25wp\/kik-vagyunk\/","og_locale":"hu_HU","og_type":"article","og_title":"Kik vagyunk?","og_description":"Bemutatkozik a Simply You Hungary Kft,, a A Simply You Pharmaceuticals a.s. dinamikusan n\u00f6vekv\u0151 multinacion\u00e1lis v\u00e1llalat magyarorsz\u00e1gi le\u00e1nyv\u00e1llalata.","og_url":"https:\/\/directhosting.hu\/simply25wp\/kik-vagyunk\/","og_site_name":"Simply You","article_modified_time":"2025-08-19T08:42:43+00:00","og_image":[{"width":1200,"height":627,"url":"https:\/\/directhosting.hu\/simply25wp\/wp-content\/uploads\/2025\/06\/Nevtelen-terv.jpg","type":"image\/jpeg"}],"twitter_card":"summary_large_image","twitter_misc":{"Becs\u00fclt olvas\u00e1si id\u0151":"4 perc"},"schema":{"@context":"https:\/\/schema.org","@graph":[{"@type":"WebPage","@id":"https:\/\/directhosting.hu\/simply25wp\/kik-vagyunk\/","url":"https:\/\/directhosting.hu\/simply25wp\/kik-vagyunk\/","name":"Kik vagyunk? - Simply You","isPartOf":{"@id":"https:\/\/directhosting.hu\/simply25wp\/#website"},"primaryImageOfPage":{"@id":"https:\/\/directhosting.hu\/simply25wp\/kik-vagyunk\/#primaryimage"},"image":{"@id":"https:\/\/directhosting.hu\/simply25wp\/kik-vagyunk\/#primaryimage"},"thumbnailUrl":"https:\/\/directhosting.hu\/simply25wp\/wp-content\/uploads\/2025\/06\/Nevtelen-terv.jpg","datePublished":"2024-08-09T12:06:03+00:00","dateModified":"2025-08-19T08:42:43+00:00","description":"Bemutatkozik a Simply You Hungary Kft,, a A Simply You Pharmaceuticals a.s. dinamikusan n\u00f6vekv\u0151 multinacion\u00e1lis v\u00e1llalat magyarorsz\u00e1gi le\u00e1nyv\u00e1llalata.","breadcrumb":{"@id":"https:\/\/directhosting.hu\/simply25wp\/kik-vagyunk\/#breadcrumb"},"inLanguage":"hu","potentialAction":[{"@type":"ReadAction","target":["https:\/\/directhosting.hu\/simply25wp\/kik-vagyunk\/"]}]},{"@type":"ImageObject","inLanguage":"hu","@id":"https:\/\/directhosting.hu\/simply25wp\/kik-vagyunk\/#primaryimage","url":"https:\/\/directhosting.hu\/simply25wp\/wp-content\/uploads\/2025\/06\/Nevtelen-terv.jpg","contentUrl":"https:\/\/directhosting.hu\/simply25wp\/wp-content\/uploads\/2025\/06\/Nevtelen-terv.jpg","width":1200,"height":627},{"@type":"BreadcrumbList","@id":"https:\/\/directhosting.hu\/simply25wp\/kik-vagyunk\/#breadcrumb","itemListElement":[{"@type":"ListItem","position":1,"name":"Kezd\u0151lap","item":"https:\/\/directhosting.hu\/simply25wp\/"},{"@type":"ListItem","position":2,"name":"Kik vagyunk?"}]},{"@type":"WebSite","@id":"https:\/\/directhosting.hu\/simply25wp\/#website","url":"https:\/\/directhosting.hu\/simply25wp\/","name":"Simply You","description":"","potentialAction":[{"@type":"SearchAction","target":{"@type":"EntryPoint","urlTemplate":"https:\/\/directhosting.hu\/simply25wp\/?s={search_term_string}"},"query-input":{"@type":"PropertyValueSpecification","valueRequired":true,"valueName":"search_term_string"}}],"inLanguage":"hu"}]}},"_links":{"self":[{"href":"https:\/\/directhosting.hu\/simply25wp\/wp-json\/wp\/v2\/pages\/2489","targetHints":{"allow":["GET"]}}],"collection":[{"href":"https:\/\/directhosting.hu\/simply25wp\/wp-json\/wp\/v2\/pages"}],"about":[{"href":"https:\/\/directhosting.hu\/simply25wp\/wp-json\/wp\/v2\/types\/page"}],"author":[{"embeddable":true,"href":"https:\/\/directhosting.hu\/simply25wp\/wp-json\/wp\/v2\/users\/1"}],"replies":[{"embeddable":true,"href":"https:\/\/directhosting.hu\/simply25wp\/wp-json\/wp\/v2\/comments?post=2489"}],"version-history":[{"count":12,"href":"https:\/\/directhosting.hu\/simply25wp\/wp-json\/wp\/v2\/pages\/2489\/revisions"}],"predecessor-version":[{"id":2751,"href":"https:\/\/directhosting.hu\/simply25wp\/wp-json\/wp\/v2\/pages\/2489\/revisions\/2751"}],"wp:featuredmedia":[{"embeddable":true,"href":"https:\/\/directhosting.hu\/simply25wp\/wp-json\/wp\/v2\/media\/2700"}],"wp:attachment":[{"href":"https:\/\/directhosting.hu\/simply25wp\/wp-json\/wp\/v2\/media?parent=2489"}],"curies":[{"name":"wp","href":"https:\/\/api.w.org\/{rel}","templated":true}]}}