{"id":2777,"date":"2025-09-16T11:31:43","date_gmt":"2025-09-16T09:31:43","guid":{"rendered":"https:\/\/directhosting.hu\/simply25wp\/?page_id=2777"},"modified":"2025-09-16T11:45:12","modified_gmt":"2025-09-16T09:45:12","slug":"minosegbiztositas","status":"publish","type":"page","link":"https:\/\/directhosting.hu\/simply25wp\/minosegbiztositas\/","title":{"rendered":"Min\u0151s\u00e9gbiztos\u00edt\u00e1s"},"content":{"rendered":"<p><img decoding=\"async\" class=\"alignleft size-full wp-image-2781\" src=\"https:\/\/directhosting.hu\/simply25wp\/wp-content\/uploads\/2025\/09\/minosegbiztositas-content1.jpg\" alt=\"\" width=\"300\" height=\"340\" srcset=\"https:\/\/directhosting.hu\/simply25wp\/wp-content\/uploads\/2025\/09\/minosegbiztositas-content1.jpg 300w, https:\/\/directhosting.hu\/simply25wp\/wp-content\/uploads\/2025\/09\/minosegbiztositas-content1-265x300.jpg 265w, https:\/\/directhosting.hu\/simply25wp\/wp-content\/uploads\/2025\/09\/minosegbiztositas-content1-282x320.jpg 282w, https:\/\/directhosting.hu\/simply25wp\/wp-content\/uploads\/2025\/09\/minosegbiztositas-content1-176x200.jpg 176w\" sizes=\"(max-width: 300px) 100vw, 300px\" \/><\/p>\n<p>Term\u00e9keink kiv\u00e1l\u00f3 min\u0151s\u00e9ge \u00e9s maxim\u00e1lis hat\u00e9konys\u00e1ga sz\u00e1munkra a legfontosabb.<br \/>\nGy\u00e1rt\u00e1si folyamataink megfelelnek a helyes gy\u00e1rt\u00e1si gyakorlatnak (GMP) \u00e9s a min\u0151s\u00e9gir\u00e1ny\u00edt\u00e1si szabv\u00e1nyoknak.<\/p>\n<p>A felhaszn\u00e1lt nyersanyagok hat\u00f3anyag-tartalma szabv\u00e1nyos\u00edtott, hat\u00e9konys\u00e1gukat sz\u00e1mos klinikai vizsg\u00e1lat t\u00e1masztja al\u00e1.<\/p>\n<p>Term\u00e9keinket szigor\u00fa ellen\u0151rz\u00e9snek vetj\u00fck al\u00e1, szisztematikusan \u00e9s folyamatosan tesztelj\u00fck a szabv\u00e1nyoknak megfelel\u0151en, illetve tov\u00e1bbi param\u00e9terek sz\u00e9les sk\u00e1l\u00e1ja szerint, bele\u00e9rtve a mikrobiol\u00f3gia tisztas\u00e1got, a neh\u00e9zf\u00e9mtartalmat, a stabilit\u00e1st, a boml\u00e1st \u00e9s a b\u0151rrel val\u00f3 kompatibilit\u00e1s.<\/p>\n<p>Min\u0151s\u00e9gellen\u0151rz\u00e9si folyamataink messze t\u00falmutatnak a hat\u00f3s\u00e1gi el\u0151\u00edr\u00e1sokon. A gy\u00f3gyszeripari term\u00e9kek min\u0151s\u00e9g\u00e9nek folyamatos jav\u00edt\u00e1sa a legf\u0151bb priorit\u00e1sunk. C\u00e9g\u00fcnk szak\u00e9rtelme tapasztalt vezet\u0151kre \u00e9s ipar\u00e1gi szakemberekre \u00e9p\u00fcl.<\/p>\n<p><img decoding=\"async\" class=\"size-full wp-image-2780 aligncenter\" src=\"https:\/\/directhosting.hu\/simply25wp\/wp-content\/uploads\/2025\/09\/minosegbiztositas-content2.jpg\" alt=\"\" width=\"1118\" height=\"317\" srcset=\"https:\/\/directhosting.hu\/simply25wp\/wp-content\/uploads\/2025\/09\/minosegbiztositas-content2.jpg 1118w, https:\/\/directhosting.hu\/simply25wp\/wp-content\/uploads\/2025\/09\/minosegbiztositas-content2-300x85.jpg 300w, https:\/\/directhosting.hu\/simply25wp\/wp-content\/uploads\/2025\/09\/minosegbiztositas-content2-1024x290.jpg 1024w, https:\/\/directhosting.hu\/simply25wp\/wp-content\/uploads\/2025\/09\/minosegbiztositas-content2-768x218.jpg 768w, https:\/\/directhosting.hu\/simply25wp\/wp-content\/uploads\/2025\/09\/minosegbiztositas-content2-960x272.jpg 960w, https:\/\/directhosting.hu\/simply25wp\/wp-content\/uploads\/2025\/09\/minosegbiztositas-content2-480x136.jpg 480w, https:\/\/directhosting.hu\/simply25wp\/wp-content\/uploads\/2025\/09\/minosegbiztositas-content2-320x91.jpg 320w, https:\/\/directhosting.hu\/simply25wp\/wp-content\/uploads\/2025\/09\/minosegbiztositas-content2-200x57.jpg 200w\" sizes=\"(max-width: 1118px) 100vw, 1118px\" \/><\/p>\n<h2 style=\"text-align: center;\">Egy\u00fcttm\u0171k\u00f6d\u00fcnk k\u00fcls\u0151 szak\u00e9rt\u0151kkel, kutat\u00f3kkal, akik gyakran az egyes term\u00e9kek akt\u00edv garanciav\u00e1llal\u00f3i.<\/h2>\n","protected":false},"excerpt":{"rendered":"<p>Term\u00e9keink kiv\u00e1l\u00f3 min\u0151s\u00e9ge \u00e9s maxim\u00e1lis hat\u00e9konys\u00e1ga sz\u00e1munkra a legfontosabb. Gy\u00e1rt\u00e1si folyamataink megfelelnek a helyes gy\u00e1rt\u00e1si gyakorlatnak (GMP) \u00e9s a min\u0151s\u00e9gir\u00e1ny\u00edt\u00e1si szabv\u00e1nyoknak. A felhaszn\u00e1lt nyersanyagok hat\u00f3anyag-tartalma szabv\u00e1nyos\u00edtott, hat\u00e9konys\u00e1gukat sz\u00e1mos klinikai vizsg\u00e1lat t\u00e1masztja al\u00e1. Term\u00e9keinket szigor\u00fa ellen\u0151rz\u00e9snek vetj\u00fck al\u00e1, szisztematikusan \u00e9s folyamatosan tesztelj\u00fck a szabv\u00e1nyoknak megfelel\u0151en, illetve tov\u00e1bbi param\u00e9terek sz\u00e9les sk\u00e1l\u00e1ja szerint, bele\u00e9rtve a mikrobiol\u00f3gia tisztas\u00e1got, a [&hellip;]<\/p>\n","protected":false},"author":1,"featured_media":0,"parent":0,"menu_order":0,"comment_status":"closed","ping_status":"closed","template":"","meta":{"_acf_changed":false,"footnotes":""},"class_list":["post-2777","page","type-page","status-publish","hentry"],"acf":[],"yoast_head":"<!-- This site is optimized with the Yoast SEO Premium plugin v25.6 (Yoast SEO v26.0) - https:\/\/yoast.com\/wordpress\/plugins\/seo\/ -->\n<title>Min\u0151s\u00e9gbiztos\u00edt\u00e1s - Simply You<\/title>\n<meta name=\"robots\" content=\"index, follow, max-snippet:-1, max-image-preview:large, max-video-preview:-1\" \/>\n<link rel=\"canonical\" href=\"https:\/\/directhosting.hu\/simply25wp\/minosegbiztositas\/\" \/>\n<meta property=\"og:locale\" content=\"hu_HU\" \/>\n<meta property=\"og:type\" content=\"article\" \/>\n<meta property=\"og:title\" content=\"Min\u0151s\u00e9gbiztos\u00edt\u00e1s\" \/>\n<meta property=\"og:description\" content=\"Term\u00e9keink kiv\u00e1l\u00f3 min\u0151s\u00e9ge \u00e9s maxim\u00e1lis hat\u00e9konys\u00e1ga sz\u00e1munkra a legfontosabb. Gy\u00e1rt\u00e1si folyamataink megfelelnek a helyes gy\u00e1rt\u00e1si gyakorlatnak (GMP) \u00e9s a min\u0151s\u00e9gir\u00e1ny\u00edt\u00e1si szabv\u00e1nyoknak. A felhaszn\u00e1lt nyersanyagok hat\u00f3anyag-tartalma szabv\u00e1nyos\u00edtott, hat\u00e9konys\u00e1gukat sz\u00e1mos klinikai vizsg\u00e1lat t\u00e1masztja al\u00e1. Term\u00e9keinket szigor\u00fa ellen\u0151rz\u00e9snek vetj\u00fck al\u00e1, szisztematikusan \u00e9s folyamatosan tesztelj\u00fck a szabv\u00e1nyoknak megfelel\u0151en, illetve tov\u00e1bbi param\u00e9terek sz\u00e9les sk\u00e1l\u00e1ja szerint, bele\u00e9rtve a mikrobiol\u00f3gia tisztas\u00e1got, a [&hellip;]\" \/>\n<meta property=\"og:url\" content=\"https:\/\/directhosting.hu\/simply25wp\/minosegbiztositas\/\" \/>\n<meta property=\"og:site_name\" content=\"Simply You\" \/>\n<meta property=\"article:modified_time\" content=\"2025-09-16T09:45:12+00:00\" \/>\n<meta property=\"og:image\" content=\"https:\/\/directhosting.hu\/simply25wp\/wp-content\/uploads\/2025\/09\/minosegbiztositas-content1.jpg\" \/>\n\t<meta property=\"og:image:width\" content=\"300\" \/>\n\t<meta property=\"og:image:height\" content=\"340\" \/>\n\t<meta property=\"og:image:type\" content=\"image\/jpeg\" \/>\n<meta name=\"twitter:card\" content=\"summary_large_image\" \/>\n<meta name=\"twitter:label1\" content=\"Becs\u00fclt olvas\u00e1si id\u0151\" \/>\n\t<meta name=\"twitter:data1\" content=\"1 perc\" \/>\n<script type=\"application\/ld+json\" class=\"yoast-schema-graph\">{\"@context\":\"https:\/\/schema.org\",\"@graph\":[{\"@type\":\"WebPage\",\"@id\":\"https:\/\/directhosting.hu\/simply25wp\/minosegbiztositas\/\",\"url\":\"https:\/\/directhosting.hu\/simply25wp\/minosegbiztositas\/\",\"name\":\"Min\u0151s\u00e9gbiztos\u00edt\u00e1s - Simply You\",\"isPartOf\":{\"@id\":\"https:\/\/directhosting.hu\/simply25wp\/#website\"},\"primaryImageOfPage\":{\"@id\":\"https:\/\/directhosting.hu\/simply25wp\/minosegbiztositas\/#primaryimage\"},\"image\":{\"@id\":\"https:\/\/directhosting.hu\/simply25wp\/minosegbiztositas\/#primaryimage\"},\"thumbnailUrl\":\"https:\/\/directhosting.hu\/simply25wp\/wp-content\/uploads\/2025\/09\/minosegbiztositas-content1.jpg\",\"datePublished\":\"2025-09-16T09:31:43+00:00\",\"dateModified\":\"2025-09-16T09:45:12+00:00\",\"breadcrumb\":{\"@id\":\"https:\/\/directhosting.hu\/simply25wp\/minosegbiztositas\/#breadcrumb\"},\"inLanguage\":\"hu\",\"potentialAction\":[{\"@type\":\"ReadAction\",\"target\":[\"https:\/\/directhosting.hu\/simply25wp\/minosegbiztositas\/\"]}]},{\"@type\":\"ImageObject\",\"inLanguage\":\"hu\",\"@id\":\"https:\/\/directhosting.hu\/simply25wp\/minosegbiztositas\/#primaryimage\",\"url\":\"https:\/\/directhosting.hu\/simply25wp\/wp-content\/uploads\/2025\/09\/minosegbiztositas-content1.jpg\",\"contentUrl\":\"https:\/\/directhosting.hu\/simply25wp\/wp-content\/uploads\/2025\/09\/minosegbiztositas-content1.jpg\",\"width\":300,\"height\":340},{\"@type\":\"BreadcrumbList\",\"@id\":\"https:\/\/directhosting.hu\/simply25wp\/minosegbiztositas\/#breadcrumb\",\"itemListElement\":[{\"@type\":\"ListItem\",\"position\":1,\"name\":\"Kezd\u0151lap\",\"item\":\"https:\/\/directhosting.hu\/simply25wp\/\"},{\"@type\":\"ListItem\",\"position\":2,\"name\":\"Min\u0151s\u00e9gbiztos\u00edt\u00e1s\"}]},{\"@type\":\"WebSite\",\"@id\":\"https:\/\/directhosting.hu\/simply25wp\/#website\",\"url\":\"https:\/\/directhosting.hu\/simply25wp\/\",\"name\":\"Simply You\",\"description\":\"\",\"potentialAction\":[{\"@type\":\"SearchAction\",\"target\":{\"@type\":\"EntryPoint\",\"urlTemplate\":\"https:\/\/directhosting.hu\/simply25wp\/?s={search_term_string}\"},\"query-input\":{\"@type\":\"PropertyValueSpecification\",\"valueRequired\":true,\"valueName\":\"search_term_string\"}}],\"inLanguage\":\"hu\"}]}<\/script>\n<!-- \/ Yoast SEO Premium plugin. -->","yoast_head_json":{"title":"Min\u0151s\u00e9gbiztos\u00edt\u00e1s - Simply You","robots":{"index":"index","follow":"follow","max-snippet":"max-snippet:-1","max-image-preview":"max-image-preview:large","max-video-preview":"max-video-preview:-1"},"canonical":"https:\/\/directhosting.hu\/simply25wp\/minosegbiztositas\/","og_locale":"hu_HU","og_type":"article","og_title":"Min\u0151s\u00e9gbiztos\u00edt\u00e1s","og_description":"Term\u00e9keink kiv\u00e1l\u00f3 min\u0151s\u00e9ge \u00e9s maxim\u00e1lis hat\u00e9konys\u00e1ga sz\u00e1munkra a legfontosabb. Gy\u00e1rt\u00e1si folyamataink megfelelnek a helyes gy\u00e1rt\u00e1si gyakorlatnak (GMP) \u00e9s a min\u0151s\u00e9gir\u00e1ny\u00edt\u00e1si szabv\u00e1nyoknak. A felhaszn\u00e1lt nyersanyagok hat\u00f3anyag-tartalma szabv\u00e1nyos\u00edtott, hat\u00e9konys\u00e1gukat sz\u00e1mos klinikai vizsg\u00e1lat t\u00e1masztja al\u00e1. Term\u00e9keinket szigor\u00fa ellen\u0151rz\u00e9snek vetj\u00fck al\u00e1, szisztematikusan \u00e9s folyamatosan tesztelj\u00fck a szabv\u00e1nyoknak megfelel\u0151en, illetve tov\u00e1bbi param\u00e9terek sz\u00e9les sk\u00e1l\u00e1ja szerint, bele\u00e9rtve a mikrobiol\u00f3gia tisztas\u00e1got, a [&hellip;]","og_url":"https:\/\/directhosting.hu\/simply25wp\/minosegbiztositas\/","og_site_name":"Simply You","article_modified_time":"2025-09-16T09:45:12+00:00","og_image":[{"width":300,"height":340,"url":"https:\/\/directhosting.hu\/simply25wp\/wp-content\/uploads\/2025\/09\/minosegbiztositas-content1.jpg","type":"image\/jpeg"}],"twitter_card":"summary_large_image","twitter_misc":{"Becs\u00fclt olvas\u00e1si id\u0151":"1 perc"},"schema":{"@context":"https:\/\/schema.org","@graph":[{"@type":"WebPage","@id":"https:\/\/directhosting.hu\/simply25wp\/minosegbiztositas\/","url":"https:\/\/directhosting.hu\/simply25wp\/minosegbiztositas\/","name":"Min\u0151s\u00e9gbiztos\u00edt\u00e1s - Simply You","isPartOf":{"@id":"https:\/\/directhosting.hu\/simply25wp\/#website"},"primaryImageOfPage":{"@id":"https:\/\/directhosting.hu\/simply25wp\/minosegbiztositas\/#primaryimage"},"image":{"@id":"https:\/\/directhosting.hu\/simply25wp\/minosegbiztositas\/#primaryimage"},"thumbnailUrl":"https:\/\/directhosting.hu\/simply25wp\/wp-content\/uploads\/2025\/09\/minosegbiztositas-content1.jpg","datePublished":"2025-09-16T09:31:43+00:00","dateModified":"2025-09-16T09:45:12+00:00","breadcrumb":{"@id":"https:\/\/directhosting.hu\/simply25wp\/minosegbiztositas\/#breadcrumb"},"inLanguage":"hu","potentialAction":[{"@type":"ReadAction","target":["https:\/\/directhosting.hu\/simply25wp\/minosegbiztositas\/"]}]},{"@type":"ImageObject","inLanguage":"hu","@id":"https:\/\/directhosting.hu\/simply25wp\/minosegbiztositas\/#primaryimage","url":"https:\/\/directhosting.hu\/simply25wp\/wp-content\/uploads\/2025\/09\/minosegbiztositas-content1.jpg","contentUrl":"https:\/\/directhosting.hu\/simply25wp\/wp-content\/uploads\/2025\/09\/minosegbiztositas-content1.jpg","width":300,"height":340},{"@type":"BreadcrumbList","@id":"https:\/\/directhosting.hu\/simply25wp\/minosegbiztositas\/#breadcrumb","itemListElement":[{"@type":"ListItem","position":1,"name":"Kezd\u0151lap","item":"https:\/\/directhosting.hu\/simply25wp\/"},{"@type":"ListItem","position":2,"name":"Min\u0151s\u00e9gbiztos\u00edt\u00e1s"}]},{"@type":"WebSite","@id":"https:\/\/directhosting.hu\/simply25wp\/#website","url":"https:\/\/directhosting.hu\/simply25wp\/","name":"Simply You","description":"","potentialAction":[{"@type":"SearchAction","target":{"@type":"EntryPoint","urlTemplate":"https:\/\/directhosting.hu\/simply25wp\/?s={search_term_string}"},"query-input":{"@type":"PropertyValueSpecification","valueRequired":true,"valueName":"search_term_string"}}],"inLanguage":"hu"}]}},"_links":{"self":[{"href":"https:\/\/directhosting.hu\/simply25wp\/wp-json\/wp\/v2\/pages\/2777","targetHints":{"allow":["GET"]}}],"collection":[{"href":"https:\/\/directhosting.hu\/simply25wp\/wp-json\/wp\/v2\/pages"}],"about":[{"href":"https:\/\/directhosting.hu\/simply25wp\/wp-json\/wp\/v2\/types\/page"}],"author":[{"embeddable":true,"href":"https:\/\/directhosting.hu\/simply25wp\/wp-json\/wp\/v2\/users\/1"}],"replies":[{"embeddable":true,"href":"https:\/\/directhosting.hu\/simply25wp\/wp-json\/wp\/v2\/comments?post=2777"}],"version-history":[{"count":5,"href":"https:\/\/directhosting.hu\/simply25wp\/wp-json\/wp\/v2\/pages\/2777\/revisions"}],"predecessor-version":[{"id":2787,"href":"https:\/\/directhosting.hu\/simply25wp\/wp-json\/wp\/v2\/pages\/2777\/revisions\/2787"}],"wp:attachment":[{"href":"https:\/\/directhosting.hu\/simply25wp\/wp-json\/wp\/v2\/media?parent=2777"}],"curies":[{"name":"wp","href":"https:\/\/api.w.org\/{rel}","templated":true}]}}