{"id":2788,"date":"2025-09-16T11:50:21","date_gmt":"2025-09-16T09:50:21","guid":{"rendered":"https:\/\/directhosting.hu\/simply25wp\/?page_id=2788"},"modified":"2025-09-16T12:20:38","modified_gmt":"2025-09-16T10:20:38","slug":"tarsadalmi-felelossegvallalas","status":"publish","type":"page","link":"https:\/\/directhosting.hu\/simply25wp\/tarsadalmi-felelossegvallalas\/","title":{"rendered":"T\u00e1rsadalmi felel\u0151ss\u00e9gv\u00e1llal\u00e1s"},"content":{"rendered":"<h2 style=\"text-align: left;\">A t\u00e1rsadalmi felel\u0151ss\u00e9gv\u00e1llal\u00e1s sz\u00e1munkra az \u00fczleti tev\u00e9kenys\u00e9g elv\u00e1laszthatatlan r\u00e9sze.<\/h2>\n<p>&nbsp;<\/p>\n<p><img decoding=\"async\" class=\"size-full wp-image-2790 alignleft\" src=\"https:\/\/directhosting.hu\/simply25wp\/wp-content\/uploads\/2025\/09\/felelossegvallalas1.jpg\" alt=\"\" width=\"300\" height=\"256\" srcset=\"https:\/\/directhosting.hu\/simply25wp\/wp-content\/uploads\/2025\/09\/felelossegvallalas1.jpg 300w, https:\/\/directhosting.hu\/simply25wp\/wp-content\/uploads\/2025\/09\/felelossegvallalas1-200x171.jpg 200w\" sizes=\"(max-width: 300px) 100vw, 300px\" \/><\/p>\n<h2>1. K\u00f6rnyezetv\u00e9delem:<\/h2>\n<p>&nbsp;<\/p>\n<p>T\u00f6reksz\u00fcnk arra, hogy a k\u00f6rnyezetre gyakorolt negat\u00edv hat\u00e1sunkat minimaliz\u00e1ljuk. Ez mag\u00e1ban foglalja az er\u0151forr\u00e1sok hat\u00e9kony felhaszn\u00e1l\u00e1s\u00e1ra ir\u00e1nyul\u00f3 hossz\u00fa t\u00e1v\u00fa \u00e9s c\u00e9lzott er\u0151fesz\u00edt\u00e9seket, a hullad\u00e9kok cs\u00f6kkent\u00e9s\u00e9t, valamint a fenntarthat\u00f3 technol\u00f3gi\u00e1kba \u00e9s folyamatokba t\u00f6rt\u00e9n\u0151 befektet\u00e9st, amelyek m\u00e9rs\u00e9klik az \u00f6kol\u00f3giai terhel\u00e9st.<\/p>\n","protected":false},"excerpt":{"rendered":"<p>A t\u00e1rsadalmi felel\u0151ss\u00e9gv\u00e1llal\u00e1s sz\u00e1munkra az \u00fczleti tev\u00e9kenys\u00e9g elv\u00e1laszthatatlan r\u00e9sze. &nbsp; 1. K\u00f6rnyezetv\u00e9delem: &nbsp; T\u00f6reksz\u00fcnk arra, hogy a k\u00f6rnyezetre gyakorolt negat\u00edv hat\u00e1sunkat minimaliz\u00e1ljuk. Ez mag\u00e1ban foglalja az er\u0151forr\u00e1sok hat\u00e9kony felhaszn\u00e1l\u00e1s\u00e1ra ir\u00e1nyul\u00f3 hossz\u00fa t\u00e1v\u00fa \u00e9s c\u00e9lzott er\u0151fesz\u00edt\u00e9seket, a hullad\u00e9kok cs\u00f6kkent\u00e9s\u00e9t, valamint a fenntarthat\u00f3 technol\u00f3gi\u00e1kba \u00e9s folyamatokba t\u00f6rt\u00e9n\u0151 befektet\u00e9st, amelyek m\u00e9rs\u00e9klik az \u00f6kol\u00f3giai terhel\u00e9st.<\/p>\n","protected":false},"author":1,"featured_media":0,"parent":0,"menu_order":0,"comment_status":"closed","ping_status":"closed","template":"","meta":{"_acf_changed":false,"footnotes":""},"class_list":["post-2788","page","type-page","status-publish","hentry"],"acf":[],"yoast_head":"<!-- This site is optimized with the Yoast SEO Premium plugin v25.6 (Yoast SEO v26.0) - https:\/\/yoast.com\/wordpress\/plugins\/seo\/ -->\n<title>T\u00e1rsadalmi felel\u0151ss\u00e9gv\u00e1llal\u00e1s - Simply You<\/title>\n<meta name=\"robots\" content=\"index, follow, max-snippet:-1, max-image-preview:large, max-video-preview:-1\" \/>\n<link rel=\"canonical\" href=\"https:\/\/directhosting.hu\/simply25wp\/tarsadalmi-felelossegvallalas\/\" \/>\n<meta property=\"og:locale\" content=\"hu_HU\" \/>\n<meta property=\"og:type\" content=\"article\" \/>\n<meta property=\"og:title\" content=\"T\u00e1rsadalmi felel\u0151ss\u00e9gv\u00e1llal\u00e1s\" \/>\n<meta property=\"og:description\" content=\"A t\u00e1rsadalmi felel\u0151ss\u00e9gv\u00e1llal\u00e1s sz\u00e1munkra az \u00fczleti tev\u00e9kenys\u00e9g elv\u00e1laszthatatlan r\u00e9sze. &nbsp; 1. K\u00f6rnyezetv\u00e9delem: &nbsp; T\u00f6reksz\u00fcnk arra, hogy a k\u00f6rnyezetre gyakorolt negat\u00edv hat\u00e1sunkat minimaliz\u00e1ljuk. Ez mag\u00e1ban foglalja az er\u0151forr\u00e1sok hat\u00e9kony felhaszn\u00e1l\u00e1s\u00e1ra ir\u00e1nyul\u00f3 hossz\u00fa t\u00e1v\u00fa \u00e9s c\u00e9lzott er\u0151fesz\u00edt\u00e9seket, a hullad\u00e9kok cs\u00f6kkent\u00e9s\u00e9t, valamint a fenntarthat\u00f3 technol\u00f3gi\u00e1kba \u00e9s folyamatokba t\u00f6rt\u00e9n\u0151 befektet\u00e9st, amelyek m\u00e9rs\u00e9klik az \u00f6kol\u00f3giai terhel\u00e9st.\" \/>\n<meta property=\"og:url\" content=\"https:\/\/directhosting.hu\/simply25wp\/tarsadalmi-felelossegvallalas\/\" \/>\n<meta property=\"og:site_name\" content=\"Simply You\" \/>\n<meta property=\"article:modified_time\" content=\"2025-09-16T10:20:38+00:00\" \/>\n<meta property=\"og:image\" content=\"https:\/\/directhosting.hu\/simply25wp\/wp-content\/uploads\/2025\/09\/felelossegvallalas1.jpg\" \/>\n\t<meta property=\"og:image:width\" content=\"300\" \/>\n\t<meta property=\"og:image:height\" content=\"256\" \/>\n\t<meta property=\"og:image:type\" content=\"image\/jpeg\" \/>\n<meta name=\"twitter:card\" content=\"summary_large_image\" \/>\n<meta name=\"twitter:label1\" content=\"Becs\u00fclt olvas\u00e1si id\u0151\" \/>\n\t<meta name=\"twitter:data1\" content=\"1 perc\" \/>\n<script type=\"application\/ld+json\" class=\"yoast-schema-graph\">{\"@context\":\"https:\/\/schema.org\",\"@graph\":[{\"@type\":\"WebPage\",\"@id\":\"https:\/\/directhosting.hu\/simply25wp\/tarsadalmi-felelossegvallalas\/\",\"url\":\"https:\/\/directhosting.hu\/simply25wp\/tarsadalmi-felelossegvallalas\/\",\"name\":\"T\u00e1rsadalmi felel\u0151ss\u00e9gv\u00e1llal\u00e1s - Simply You\",\"isPartOf\":{\"@id\":\"https:\/\/directhosting.hu\/simply25wp\/#website\"},\"primaryImageOfPage\":{\"@id\":\"https:\/\/directhosting.hu\/simply25wp\/tarsadalmi-felelossegvallalas\/#primaryimage\"},\"image\":{\"@id\":\"https:\/\/directhosting.hu\/simply25wp\/tarsadalmi-felelossegvallalas\/#primaryimage\"},\"thumbnailUrl\":\"https:\/\/directhosting.hu\/simply25wp\/wp-content\/uploads\/2025\/09\/felelossegvallalas1.jpg\",\"datePublished\":\"2025-09-16T09:50:21+00:00\",\"dateModified\":\"2025-09-16T10:20:38+00:00\",\"breadcrumb\":{\"@id\":\"https:\/\/directhosting.hu\/simply25wp\/tarsadalmi-felelossegvallalas\/#breadcrumb\"},\"inLanguage\":\"hu\",\"potentialAction\":[{\"@type\":\"ReadAction\",\"target\":[\"https:\/\/directhosting.hu\/simply25wp\/tarsadalmi-felelossegvallalas\/\"]}]},{\"@type\":\"ImageObject\",\"inLanguage\":\"hu\",\"@id\":\"https:\/\/directhosting.hu\/simply25wp\/tarsadalmi-felelossegvallalas\/#primaryimage\",\"url\":\"https:\/\/directhosting.hu\/simply25wp\/wp-content\/uploads\/2025\/09\/felelossegvallalas1.jpg\",\"contentUrl\":\"https:\/\/directhosting.hu\/simply25wp\/wp-content\/uploads\/2025\/09\/felelossegvallalas1.jpg\",\"width\":300,\"height\":256},{\"@type\":\"BreadcrumbList\",\"@id\":\"https:\/\/directhosting.hu\/simply25wp\/tarsadalmi-felelossegvallalas\/#breadcrumb\",\"itemListElement\":[{\"@type\":\"ListItem\",\"position\":1,\"name\":\"Kezd\u0151lap\",\"item\":\"https:\/\/directhosting.hu\/simply25wp\/\"},{\"@type\":\"ListItem\",\"position\":2,\"name\":\"T\u00e1rsadalmi felel\u0151ss\u00e9gv\u00e1llal\u00e1s\"}]},{\"@type\":\"WebSite\",\"@id\":\"https:\/\/directhosting.hu\/simply25wp\/#website\",\"url\":\"https:\/\/directhosting.hu\/simply25wp\/\",\"name\":\"Simply You\",\"description\":\"\",\"potentialAction\":[{\"@type\":\"SearchAction\",\"target\":{\"@type\":\"EntryPoint\",\"urlTemplate\":\"https:\/\/directhosting.hu\/simply25wp\/?s={search_term_string}\"},\"query-input\":{\"@type\":\"PropertyValueSpecification\",\"valueRequired\":true,\"valueName\":\"search_term_string\"}}],\"inLanguage\":\"hu\"}]}<\/script>\n<!-- \/ Yoast SEO Premium plugin. -->","yoast_head_json":{"title":"T\u00e1rsadalmi felel\u0151ss\u00e9gv\u00e1llal\u00e1s - Simply You","robots":{"index":"index","follow":"follow","max-snippet":"max-snippet:-1","max-image-preview":"max-image-preview:large","max-video-preview":"max-video-preview:-1"},"canonical":"https:\/\/directhosting.hu\/simply25wp\/tarsadalmi-felelossegvallalas\/","og_locale":"hu_HU","og_type":"article","og_title":"T\u00e1rsadalmi felel\u0151ss\u00e9gv\u00e1llal\u00e1s","og_description":"A t\u00e1rsadalmi felel\u0151ss\u00e9gv\u00e1llal\u00e1s sz\u00e1munkra az \u00fczleti tev\u00e9kenys\u00e9g elv\u00e1laszthatatlan r\u00e9sze. &nbsp; 1. K\u00f6rnyezetv\u00e9delem: &nbsp; T\u00f6reksz\u00fcnk arra, hogy a k\u00f6rnyezetre gyakorolt negat\u00edv hat\u00e1sunkat minimaliz\u00e1ljuk. Ez mag\u00e1ban foglalja az er\u0151forr\u00e1sok hat\u00e9kony felhaszn\u00e1l\u00e1s\u00e1ra ir\u00e1nyul\u00f3 hossz\u00fa t\u00e1v\u00fa \u00e9s c\u00e9lzott er\u0151fesz\u00edt\u00e9seket, a hullad\u00e9kok cs\u00f6kkent\u00e9s\u00e9t, valamint a fenntarthat\u00f3 technol\u00f3gi\u00e1kba \u00e9s folyamatokba t\u00f6rt\u00e9n\u0151 befektet\u00e9st, amelyek m\u00e9rs\u00e9klik az \u00f6kol\u00f3giai terhel\u00e9st.","og_url":"https:\/\/directhosting.hu\/simply25wp\/tarsadalmi-felelossegvallalas\/","og_site_name":"Simply You","article_modified_time":"2025-09-16T10:20:38+00:00","og_image":[{"width":300,"height":256,"url":"https:\/\/directhosting.hu\/simply25wp\/wp-content\/uploads\/2025\/09\/felelossegvallalas1.jpg","type":"image\/jpeg"}],"twitter_card":"summary_large_image","twitter_misc":{"Becs\u00fclt olvas\u00e1si id\u0151":"1 perc"},"schema":{"@context":"https:\/\/schema.org","@graph":[{"@type":"WebPage","@id":"https:\/\/directhosting.hu\/simply25wp\/tarsadalmi-felelossegvallalas\/","url":"https:\/\/directhosting.hu\/simply25wp\/tarsadalmi-felelossegvallalas\/","name":"T\u00e1rsadalmi felel\u0151ss\u00e9gv\u00e1llal\u00e1s - Simply You","isPartOf":{"@id":"https:\/\/directhosting.hu\/simply25wp\/#website"},"primaryImageOfPage":{"@id":"https:\/\/directhosting.hu\/simply25wp\/tarsadalmi-felelossegvallalas\/#primaryimage"},"image":{"@id":"https:\/\/directhosting.hu\/simply25wp\/tarsadalmi-felelossegvallalas\/#primaryimage"},"thumbnailUrl":"https:\/\/directhosting.hu\/simply25wp\/wp-content\/uploads\/2025\/09\/felelossegvallalas1.jpg","datePublished":"2025-09-16T09:50:21+00:00","dateModified":"2025-09-16T10:20:38+00:00","breadcrumb":{"@id":"https:\/\/directhosting.hu\/simply25wp\/tarsadalmi-felelossegvallalas\/#breadcrumb"},"inLanguage":"hu","potentialAction":[{"@type":"ReadAction","target":["https:\/\/directhosting.hu\/simply25wp\/tarsadalmi-felelossegvallalas\/"]}]},{"@type":"ImageObject","inLanguage":"hu","@id":"https:\/\/directhosting.hu\/simply25wp\/tarsadalmi-felelossegvallalas\/#primaryimage","url":"https:\/\/directhosting.hu\/simply25wp\/wp-content\/uploads\/2025\/09\/felelossegvallalas1.jpg","contentUrl":"https:\/\/directhosting.hu\/simply25wp\/wp-content\/uploads\/2025\/09\/felelossegvallalas1.jpg","width":300,"height":256},{"@type":"BreadcrumbList","@id":"https:\/\/directhosting.hu\/simply25wp\/tarsadalmi-felelossegvallalas\/#breadcrumb","itemListElement":[{"@type":"ListItem","position":1,"name":"Kezd\u0151lap","item":"https:\/\/directhosting.hu\/simply25wp\/"},{"@type":"ListItem","position":2,"name":"T\u00e1rsadalmi felel\u0151ss\u00e9gv\u00e1llal\u00e1s"}]},{"@type":"WebSite","@id":"https:\/\/directhosting.hu\/simply25wp\/#website","url":"https:\/\/directhosting.hu\/simply25wp\/","name":"Simply You","description":"","potentialAction":[{"@type":"SearchAction","target":{"@type":"EntryPoint","urlTemplate":"https:\/\/directhosting.hu\/simply25wp\/?s={search_term_string}"},"query-input":{"@type":"PropertyValueSpecification","valueRequired":true,"valueName":"search_term_string"}}],"inLanguage":"hu"}]}},"_links":{"self":[{"href":"https:\/\/directhosting.hu\/simply25wp\/wp-json\/wp\/v2\/pages\/2788","targetHints":{"allow":["GET"]}}],"collection":[{"href":"https:\/\/directhosting.hu\/simply25wp\/wp-json\/wp\/v2\/pages"}],"about":[{"href":"https:\/\/directhosting.hu\/simply25wp\/wp-json\/wp\/v2\/types\/page"}],"author":[{"embeddable":true,"href":"https:\/\/directhosting.hu\/simply25wp\/wp-json\/wp\/v2\/users\/1"}],"replies":[{"embeddable":true,"href":"https:\/\/directhosting.hu\/simply25wp\/wp-json\/wp\/v2\/comments?post=2788"}],"version-history":[{"count":11,"href":"https:\/\/directhosting.hu\/simply25wp\/wp-json\/wp\/v2\/pages\/2788\/revisions"}],"predecessor-version":[{"id":2804,"href":"https:\/\/directhosting.hu\/simply25wp\/wp-json\/wp\/v2\/pages\/2788\/revisions\/2804"}],"wp:attachment":[{"href":"https:\/\/directhosting.hu\/simply25wp\/wp-json\/wp\/v2\/media?parent=2788"}],"curies":[{"name":"wp","href":"https:\/\/api.w.org\/{rel}","templated":true}]}}